{"id":257,"date":"2016-05-23T10:30:48","date_gmt":"2016-05-23T10:30:48","guid":{"rendered":"http:\/\/test.kriesi.at\/enfold-health-coach\/?page_id=257"},"modified":"2023-10-26T11:50:43","modified_gmt":"2023-10-26T11:50:43","slug":"services","status":"publish","type":"page","link":"https:\/\/ferienhaus-im-vorspessart.de\/wps\/services\/","title":{"rendered":"Umgebung"},"content":{"rendered":"<div id='welcome'  class='av-layout-grid-container av-67y5up-eb3661cc26b250721712f25f7daa2cb2 entry-content-wrapper main_color av-fixed-cells  avia-builder-el-0  el_before_av_section  avia-builder-el-first   container_wrap sidebar_right'  >\n\n<style type=\"text\/css\" data-created_by=\"avia_inline_auto\" id=\"style-css-av-62wsj5-e2fd522866e78d1096a1126ec4b5bcce\">\n.flex_cell.av-62wsj5-e2fd522866e78d1096a1126ec4b5bcce{\nvertical-align:top;\nheight:15px;\nmin-height:15px;\nbackground-color:#719430;\n}\n.responsive #top #wrap_all .flex_cell.av-62wsj5-e2fd522866e78d1096a1126ec4b5bcce{\npadding:0px 0px 0px 0px !important;\n}\n<\/style>\n<div class='flex_cell av-62wsj5-e2fd522866e78d1096a1126ec4b5bcce av-gridrow-cell av_one_fourth no_margin  avia-builder-el-1  el_before_av_cell_one_fourth  avia-builder-el-first  av-zero-padding'  ><div class='flex_cell_inner'><\/div><\/div>\n<style type=\"text\/css\" data-created_by=\"avia_inline_auto\" id=\"style-css-av-5tp5hl-d83dc1d6cc8f9604de5cea738d6d9cca\">\n.flex_cell.av-5tp5hl-d83dc1d6cc8f9604de5cea738d6d9cca{\nvertical-align:top;\nheight:15px;\nmin-height:15px;\nbackground-color:#92bb46;\n}\n.responsive #top #wrap_all .flex_cell.av-5tp5hl-d83dc1d6cc8f9604de5cea738d6d9cca{\npadding:0px 0px 0px 0px !important;\n}\n<\/style>\n<div class='flex_cell av-5tp5hl-d83dc1d6cc8f9604de5cea738d6d9cca av-gridrow-cell av_one_fourth no_margin  avia-builder-el-2  el_after_av_cell_one_fourth  el_before_av_cell_one_fourth  av-zero-padding'  ><div class='flex_cell_inner'><\/div><\/div>\n<style type=\"text\/css\" data-created_by=\"avia_inline_auto\" id=\"style-css-av-5p74xd-0c408b4ecb59a1914101664e24533ccf\">\n.flex_cell.av-5p74xd-0c408b4ecb59a1914101664e24533ccf{\nvertical-align:top;\nheight:15px;\nmin-height:15px;\nbackground-color:#acd464;\n}\n.responsive #top #wrap_all .flex_cell.av-5p74xd-0c408b4ecb59a1914101664e24533ccf{\npadding:0px 0px 0px 0px !important;\n}\n<\/style>\n<div class='flex_cell av-5p74xd-0c408b4ecb59a1914101664e24533ccf av-gridrow-cell av_one_fourth no_margin  avia-builder-el-3  el_after_av_cell_one_fourth  el_before_av_cell_one_fourth  av-zero-padding'  ><div class='flex_cell_inner'><\/div><\/div>\n<style type=\"text\/css\" data-created_by=\"avia_inline_auto\" id=\"style-css-av-k7vwh-73cb0573fcba9effdfccf6e1c9e266c6\">\n.flex_cell.av-k7vwh-73cb0573fcba9effdfccf6e1c9e266c6{\nvertical-align:top;\nheight:15px;\nmin-height:15px;\nbackground-color:#e1fbb2;\n}\n.responsive #top #wrap_all .flex_cell.av-k7vwh-73cb0573fcba9effdfccf6e1c9e266c6{\npadding:0px 0px 0px 0px !important;\n}\n<\/style>\n<div class='flex_cell av-k7vwh-73cb0573fcba9effdfccf6e1c9e266c6 av-gridrow-cell av_one_fourth no_margin  avia-builder-el-4  el_after_av_cell_one_fourth  avia-builder-el-last  av-zero-padding'  ><div class='flex_cell_inner'><\/div><\/div>\n<\/div>\n<div id='av_section_1'  class='avia-section av-5fgpyh-d0041e04be301d9d8dd519c98da4f27b main_color avia-section-large avia-no-border-styling  avia-builder-el-5  el_after_av_layout_row  el_before_av_masonry_entries  avia-bg-style-fixed container_wrap sidebar_right'  ><div class='container av-section-cont-open' ><div class='template-page content  av-content-small alpha units'><div class='post-entry post-entry-type-page post-entry-257'><div class='entry-content-wrapper clearfix'>\n\n<style type=\"text\/css\" data-created_by=\"avia_inline_auto\" id=\"style-css-av-ll21vpig-d305a515d6aadb9d9935a6f43fc27d2e\">\n.avia-image-container.av-ll21vpig-d305a515d6aadb9d9935a6f43fc27d2e img.avia_image{\nbox-shadow:none;\n}\n.avia-image-container.av-ll21vpig-d305a515d6aadb9d9935a6f43fc27d2e .av-image-caption-overlay-center{\ncolor:#ffffff;\n}\n<\/style>\n<div  class='avia-image-container av-ll21vpig-d305a515d6aadb9d9935a6f43fc27d2e av-styling- avia-align-center  avia-builder-el-6  el_before_av_heading  avia-builder-el-first '   itemprop=\"image\" itemscope=\"itemscope\" itemtype=\"https:\/\/schema.org\/ImageObject\" ><div class=\"avia-image-container-inner\"><div class=\"avia-image-overlay-wrap\"><img decoding=\"async\" class='wp-image-817 avia-img-lazy-loading-not-817 avia_image ' src=\"https:\/\/ferienhaus-im-vorspessart.de\/wps\/wp-content\/uploads\/2023\/10\/Schoellkrippen_-_Ortseinfahrt-scaled-e1698312488205.jpg\" alt='' title='Sch\u00f6llkrippen_-_Ortseinfahrt'  height=\"800\" width=\"1200\"  itemprop=\"thumbnailUrl\"  \/><\/div><\/div><\/div>\n\n<style type=\"text\/css\" data-created_by=\"avia_inline_auto\" id=\"style-css-av-ll25c3v8-584a218447838a8d98d78839edd51aeb\">\n#top .av-special-heading.av-ll25c3v8-584a218447838a8d98d78839edd51aeb{\npadding-bottom:60px;\n}\nbody .av-special-heading.av-ll25c3v8-584a218447838a8d98d78839edd51aeb .av-special-heading-tag .heading-char{\nfont-size:25px;\n}\n.av-special-heading.av-ll25c3v8-584a218447838a8d98d78839edd51aeb .av-subheading{\nfont-size:15px;\n}\n<\/style>\n<div  class='av-special-heading av-ll25c3v8-584a218447838a8d98d78839edd51aeb av-special-heading-h1 blockquote modern-quote modern-centered  avia-builder-el-7  el_after_av_image  el_before_av_textblock '><h1 class='av-special-heading-tag'  itemprop=\"headline\"  >Ihr t\u00e4glicher Bedarf<\/h1><div class=\"special-heading-border\"><div class=\"special-heading-inner-border\"><\/div><\/div><\/div>\n<section  class='av_textblock_section av-ll25f9o9-6f8d63653960ec0a8ed99dfa80d8bea3 '   itemscope=\"itemscope\" itemtype=\"https:\/\/schema.org\/CreativeWork\" ><div class='avia_textblock'  itemprop=\"text\" ><div class=\"flex_column av-hn6pl-4671160e1608d9301e4da29967a9960d av_one_full avia-builder-el-7 el_after_av_image el_before_av_hr first flex_column_div \">\n<section class=\"av_textblock_section av-ll2268iy-01c5aeac613a21129a27c95e085724e2 \">\n<div class=\"avia_textblock\">\n<p>F\u00fcr den t\u00e4glichen Einkauf und Besorgungen finden Sie im nahegelegenen Sch\u00f6llkrippen alles, was Sie ben\u00f6tigen. Regionale Produkte und Spezialit\u00e4ten der Umgebung runden das Angebot ab.<\/p>\n<\/div>\n<\/section>\n<\/div>\n<\/div><\/section>\n<section  class='av_textblock_section av-tbbpl-9fe997ab27aca1f3424dd27675354374 '   itemscope=\"itemscope\" itemtype=\"https:\/\/schema.org\/CreativeWork\" ><div class='avia_textblock'  itemprop=\"text\" ><\/div><\/section>\n<div id='av-masonry-1' class='av-masonry av-mmck1-7f4c3f8330a367c7b07ed39bcd32c63c noHover av-fixed-size av-large-gap av-hover-overlay-active av-masonry-animation-active av-masonry-col-3 av-caption-on-hover-hide av-caption-style-overlay av-masonry-entries ' data-post_id=\"257\"><div class=\"av-masonry-container isotope av-js-disabled\"><div class='av-masonry-entry isotope-item av-masonry-item-no-image '><\/div><a href=\"https:\/\/ferienhaus-im-vorspessart.de\/wps\/portfolio-item\/sport-und-freizeit\/\"  id='av-masonry-1-item-364' data-av-masonry-item='364' class='av-masonry-entry isotope-item post-364 portfolio type-portfolio status-publish has-post-thumbnail hentry portfolio_entries-service  av-masonry-item-with-image av-grid-img' title=\"Bike to Work\"   itemscope=\"itemscope\" itemtype=\"https:\/\/schema.org\/CreativeWork\" ><div class='av-inner-masonry-sizer'><\/div><figure class='av-inner-masonry main_color'><div class=\"av-masonry-outerimage-container\"><div class='av-masonry-image-container' style=\"background-image: url(https:\/\/ferienhaus-im-vorspessart.de\/wps\/wp-content\/uploads\/2023\/10\/bike-to-work-705x470.jpg);\"  title=\"Bike to Work\"   alt=\"Bike to Work\" ><\/div><\/div><figcaption class='av-inner-masonry-content site-background'><div class='av-inner-masonry-content-pos'><div class='av-inner-masonry-content-pos-content'><div class='avia-arrow'><\/div><h3 class='av-masonry-entry-title entry-title '  itemprop=\"headline\" >Sport und Freizeit<\/h3><\/div><\/div><\/figcaption><\/figure><\/a><!--end av-masonry entry--><a href=\"https:\/\/ferienhaus-im-vorspessart.de\/wps\/portfolio-item\/rund-ums-haus\/\"  id='av-masonry-1-item-365' data-av-masonry-item='365' class='av-masonry-entry isotope-item post-365 portfolio type-portfolio status-publish has-post-thumbnail hentry portfolio_entries-service  av-masonry-item-with-image av-grid-img' title=\"Sch\u00f6llkrippen_-_Ortseinfahrt\"   itemscope=\"itemscope\" itemtype=\"https:\/\/schema.org\/CreativeWork\" ><div class='av-inner-masonry-sizer'><\/div><figure class='av-inner-masonry main_color'><div class=\"av-masonry-outerimage-container\"><div class='av-masonry-image-container' style=\"background-image: url(https:\/\/ferienhaus-im-vorspessart.de\/wps\/wp-content\/uploads\/2023\/10\/Schoellkrippen_-_Ortseinfahrt-705x470.jpg);\"  title=\"Sch\u00f6llkrippen_-_Ortseinfahrt\"  ><\/div><\/div><figcaption class='av-inner-masonry-content site-background'><div class='av-inner-masonry-content-pos'><div class='av-inner-masonry-content-pos-content'><div class='avia-arrow'><\/div><h3 class='av-masonry-entry-title entry-title '  itemprop=\"headline\" >Rund ums Haus<\/h3><\/div><\/div><\/figcaption><\/figure><\/a><!--end av-masonry entry--><a href=\"https:\/\/ferienhaus-im-vorspessart.de\/wps\/portfolio-item\/kulturelle-vielfalt-und-grossstadtflair\/\"  id='av-masonry-1-item-363' data-av-masonry-item='363' class='av-masonry-entry isotope-item post-363 portfolio type-portfolio status-publish has-post-thumbnail hentry portfolio_entries-service  av-masonry-item-with-image av-grid-img' title=\"Aschaffenburger_Schloss,_edit\"   itemscope=\"itemscope\" itemtype=\"https:\/\/schema.org\/CreativeWork\" ><div class='av-inner-masonry-sizer'><\/div><figure class='av-inner-masonry main_color'><div class=\"av-masonry-outerimage-container\"><div class='av-masonry-image-container' style=\"background-image: url(https:\/\/ferienhaus-im-vorspessart.de\/wps\/wp-content\/uploads\/2023\/10\/Aschaffenburger_Schloss_edit-705x448.jpg);\"  title=\"Aschaffenburger_Schloss,_edit\"   alt=\"Rainer Lippert \u2192 Derivative work: Steffen Schmitz (Carschten) https:\/\/commons.wikimedia.org\/wiki\/File:Aschaffenburger_Schloss,_edit.jpg\" ><\/div><\/div><figcaption class='av-inner-masonry-content site-background'><div class='av-inner-masonry-content-pos'><div class='av-inner-masonry-content-pos-content'><div class='avia-arrow'><\/div><h3 class='av-masonry-entry-title entry-title '  itemprop=\"headline\" >Kulturelle Vielfalt und Gro\u00dfstadtflair<\/h3><\/div><\/div><\/figcaption><\/figure><\/a><!--end av-masonry entry--><\/div><div class='av-masonry-pagination av-masonry-pagination-pagination'><nav class='pagination'><span class='pagination-meta'>Seite 1 von 0<\/span><\/nav>\n<\/div><\/div><\/p>\n","protected":false},"excerpt":{"rendered":"","protected":false},"author":1,"featured_media":0,"parent":0,"menu_order":0,"comment_status":"closed","ping_status":"closed","template":"","meta":{"footnotes":""},"class_list":["post-257","page","type-page","status-publish","hentry"],"_links":{"self":[{"href":"https:\/\/ferienhaus-im-vorspessart.de\/wps\/wp-json\/wp\/v2\/pages\/257","targetHints":{"allow":["GET"]}}],"collection":[{"href":"https:\/\/ferienhaus-im-vorspessart.de\/wps\/wp-json\/wp\/v2\/pages"}],"about":[{"href":"https:\/\/ferienhaus-im-vorspessart.de\/wps\/wp-json\/wp\/v2\/types\/page"}],"author":[{"embeddable":true,"href":"https:\/\/ferienhaus-im-vorspessart.de\/wps\/wp-json\/wp\/v2\/users\/1"}],"replies":[{"embeddable":true,"href":"https:\/\/ferienhaus-im-vorspessart.de\/wps\/wp-json\/wp\/v2\/comments?post=257"}],"version-history":[{"count":14,"href":"https:\/\/ferienhaus-im-vorspessart.de\/wps\/wp-json\/wp\/v2\/pages\/257\/revisions"}],"predecessor-version":[{"id":1128,"href":"https:\/\/ferienhaus-im-vorspessart.de\/wps\/wp-json\/wp\/v2\/pages\/257\/revisions\/1128"}],"wp:attachment":[{"href":"https:\/\/ferienhaus-im-vorspessart.de\/wps\/wp-json\/wp\/v2\/media?parent=257"}],"curies":[{"name":"wp","href":"https:\/\/api.w.org\/{rel}","templated":true}]}}